{"id":3,"date":"2020-09-15T10:23:11","date_gmt":"2020-09-15T10:23:11","guid":{"rendered":"https:\/\/salokin.fi\/?page_id=3"},"modified":"2020-09-17T06:59:19","modified_gmt":"2020-09-17T06:59:19","slug":"tietosuojaseloste","status":"publish","type":"page","link":"https:\/\/salokin.fi\/index.php\/tietosuojaseloste\/","title":{"rendered":"Tietosuojaseloste"},"content":{"rendered":"<p>[et_pb_section fb_built=&#8221;1&#8243; admin_label=&#8221;Page Title Section&#8221; _builder_version=&#8221;3.22&#8243; use_background_color_gradient=&#8221;on&#8221; background_color_gradient_start=&#8221;#313e47&#8243; background_color_gradient_end=&#8221;rgba(49,62,71,0.5)&#8221; background_color_gradient_overlays_image=&#8221;on&#8221; background_image=&#8221;https:\/\/salokin.fi\/wp-content\/uploads\/2020\/09\/law-firm-24.jpg&#8221; custom_padding=&#8221;120px||120px|&#8221;][et_pb_row admin_label=&#8221;Page Title Area&#8221; _builder_version=&#8221;3.25&#8243; background_size=&#8221;initial&#8221; background_position=&#8221;top_left&#8221; background_repeat=&#8221;repeat&#8221;][et_pb_column type=&#8221;4_4&#8243; _builder_version=&#8221;3.25&#8243; custom_padding=&#8221;|||&#8221; custom_padding__hover=&#8221;|||&#8221;][et_pb_text admin_label=&#8221;Page Title&#8221; _builder_version=&#8221;3.27.4&#8243; text_font=&#8221;||||||||&#8221; text_text_color=&#8221;#ffffff&#8221; text_font_size=&#8221;18px&#8221; text_line_height=&#8221;2em&#8221; header_font=&#8221;Prata||||||||&#8221; header_font_size=&#8221;60px&#8221; header_line_height=&#8221;1.6em&#8221; text_orientation=&#8221;center&#8221; background_layout=&#8221;dark&#8221; max_width=&#8221;700px&#8221; module_alignment=&#8221;center&#8221; custom_margin=&#8221;||10px|&#8221; animation_style=&#8221;fade&#8221; header_font_size_tablet=&#8221;40px&#8221; header_font_size_phone=&#8221;&#8221; header_font_size_last_edited=&#8221;on|desktop&#8221;]<\/p>\n<h1>Tietosuojaseloste<\/h1>\n<p>[\/et_pb_text][\/et_pb_column][\/et_pb_row][\/et_pb_section][et_pb_section fb_built=&#8221;1&#8243; _builder_version=&#8221;4.5.6&#8243; _module_preset=&#8221;default&#8221;][et_pb_row _builder_version=&#8221;4.5.6&#8243; _module_preset=&#8221;default&#8221;][et_pb_column _builder_version=&#8221;4.5.6&#8243; _module_preset=&#8221;default&#8221; type=&#8221;4_4&#8243;][et_pb_text _builder_version=&#8221;4.5.6&#8243; _module_preset=&#8221;default&#8221; hover_enabled=&#8221;0&#8243;]<\/p>\n<p><strong><span style=\"font-size: 14px;\">1.\u00a0<\/span>Rekisterinpit\u00e4j\u00e4\u00a0<\/strong><\/p>\n<p><span style=\"font-weight: 400;\">Nimi: Salokin Finland Oy<\/span><\/p>\n<p><span style=\"font-weight: 400;\">Y-tunnus: 2453895-6<\/span><\/p>\n<p><span style=\"font-weight: 400;\">Osoite: Kukkarom\u00e4ki 6 F 12<\/span><\/p>\n<p><span style=\"font-weight: 400;\">Postinumero:<\/span> <span>02770<\/span><\/p>\n<p><span style=\"font-weight: 400;\">Postitoimipaikka:<\/span> <span>Espoo<\/span><\/p>\n<p><span style=\"font-weight: 400;\">Puhelinnumero: <span>041 5015 326<\/span><\/span><\/p>\n<p><span style=\"font-weight: 400;\">S\u00e4hk\u00f6postiosoite: info@salokin.fi<\/span><\/p>\n<p><strong>\u00a02.\u00a0Rekisteriasioita hoitava henkil\u00f6 ja tietosuojavastaava<\/strong><\/p>\n<p><span style=\"font-weight: 400;\">Yritys:\u00a0<span>Salokin Finland Oy<\/span><\/span><\/p>\n<p><span style=\"font-weight: 400;\">Nimi: Ari Kurjonen<\/span><\/p>\n<p><span style=\"font-weight: 400;\">Osoite:\u00a0<span>Kukkarom\u00e4ki 6 F 12<\/span><\/span><\/p>\n<p><span style=\"font-weight: 400;\">Postinumero:<\/span> <span>02770<\/span><\/p>\n<p><span style=\"font-weight: 400;\">Postitoimipaikka:<\/span> <span>Espoo<\/span><\/p>\n<p><span style=\"font-weight: 400;\">Puhelinnumero:<\/span> <span>041 5015 326<\/span><\/p>\n<p><span style=\"font-weight: 400;\">S\u00e4hk\u00f6posti:<\/span> <span>info@salokin.fi<\/span><\/p>\n<p><span style=\"font-weight: 400;\"><\/span><\/p>\n<p><strong>\u00a03.\u00a0Rekisterin k\u00e4ytt\u00f6tarkoitus\u00a0<\/strong><\/p>\n<p><span style=\"font-weight: 400;\">Ker\u00e4tt\u00e4vi\u00e4 henkil\u00f6tietoja k\u00e4ytet\u00e4\u00e4n:\u00a0<\/span><\/p>\n<p><span style=\"font-weight: 400;\">Asiakkaan tunnistautumiseen ja k\u00e4ytt\u00f6oikeuksien hallintaan. Rekister\u00f6ityneiden k\u00e4ytt\u00e4jien tilausten toimittamiseen ja asiakassuhteen yll\u00e4pitoon sek\u00e4 kehitt\u00e4miseen.<\/span><\/p>\n<p><strong>\u00a04.\u00a0Tietojen ker\u00e4\u00e4misen ja k\u00e4sittelyn peruste<\/strong><\/p>\n<p><span style=\"font-weight: 400;\">Asiakkaan tietoja ker\u00e4t\u00e4\u00e4n ja k\u00e4sitell\u00e4\u00e4n asiakkaan suostumuksella, tai asiakkaan kanssa teht\u00e4v\u00e4n sopimuksen t\u00e4yt\u00e4nt\u00f6\u00f6n panemiseksi.<\/span><\/p>\n<p><span style=\"font-weight: 400;\"><\/span><\/p>\n<p><strong>\u00a05.\u00a0Rekisterin tietosis\u00e4lt\u00f6\u00a0<\/strong><\/p>\n<p><span style=\"font-weight: 400;\">Yrityksen nimi, Y-Tunnus, S\u00e4hk\u00f6postiosoite, Puhelinnumero, Henkil\u00f6tunnus, K\u00e4ytt\u00e4j\u00e4tunnus ja Salasana.<\/span><\/p>\n<p><strong>\u00a06.\u00a0Tietojen s\u00e4ilytysaika<\/strong><\/p>\n<p><span style=\"font-weight: 400;\">Henkil\u00f6tiedot s\u00e4ilytet\u00e4\u00e4n niin kauan, kun niit\u00e4 tarvitaan asiakkaan kanssa teht\u00e4v\u00e4n sopimuksen t\u00e4yt\u00e4nt\u00f6\u00f6npanemiseksi tai asiakaspalvelun kehitt\u00e4miseksi.<\/span><\/p>\n<p><strong>\u00a07.\u00a0S\u00e4\u00e4nn\u00f6nmukaiset tietol\u00e4hteet\u00a0<\/strong><\/p>\n<p><span style=\"font-weight: 400;\">Rekisteriin ker\u00e4t\u00e4\u00e4n tietoja:\u00a0<\/span><\/p>\n<p><span style=\"font-weight: 400;\">Henkil\u00f6lt\u00e4 itselt\u00e4\u00e4n. Viranomaisen pit\u00e4mist\u00e4 rekistereist\u00e4 lain sallimissa rajoissa (esim. ytj.fi). Tietoja ker\u00e4t\u00e4\u00e4n my\u00f6s Google Analytics \u2013analytiikkaty\u00f6kalun avulla.<\/span><\/p>\n<p><strong>\u00a08.\u00a0S\u00e4\u00e4nn\u00f6nmukaiset tietojen luovutukset ja tietojen siirto EU:n tai Euroopan talousalueen ulkopuolelle\u00a0<\/strong><\/p>\n<p><span style=\"font-weight: 400;\">Tietoja ei s\u00e4\u00e4nn\u00f6nmukaisesti luovuteta yrityksen ulkopuolelle. Osa yrityksen k\u00e4ytt\u00e4mist\u00e4 ulkopuolisista palvelun- tai ohjelmistontarjoajista saattavat s\u00e4ilytt\u00e4\u00e4 tietoja EU:n tai Euroopan talousalueen ulkopuolella.<\/span><\/p>\n<p><strong>\u00a09.\u00a0Ev\u00e4steiden (cookies) k\u00e4ytt\u00f6\u00a0<\/strong><\/p>\n<p><span style=\"font-weight: 400;\">K\u00e4yt\u00e4mme sivuillamme ns. cookie-toimintoa eli ev\u00e4steit\u00e4. Ev\u00e4ste on pieni, k\u00e4ytt\u00e4j\u00e4n tietokoneelle l\u00e4hetett\u00e4v\u00e4 ja siell\u00e4 s\u00e4ilytett\u00e4v\u00e4 tekstitiedosto, joka mahdollistaa internet-sivujen yll\u00e4pit\u00e4j\u00e4n tunnistamaan usein sivuilla vierailevat k\u00e4vij\u00e4t, helpottamaan k\u00e4vij\u00f6iden kirjautumista sivuille sek\u00e4 mahdollistamaan yhdistelm\u00e4tiedon laatimisen k\u00e4vij\u00f6ist\u00e4. T\u00e4m\u00e4n palautteen avulla pystymme jatkuvasti parantamaan sivujemme sis\u00e4lt\u00f6\u00e4. Ev\u00e4steet eiv\u00e4t vahingoita k\u00e4ytt\u00e4jien tietokoneita tai tiedostoja. K\u00e4yt\u00e4mme niit\u00e4 siten, ett\u00e4 voimme tarjota asiakkaillemme kunkin yksil\u00f6ityjen tarpeiden mukaisia tietoja ja palveluita.<\/span><\/p>\n<p><span style=\"font-weight: 400;\">Mik\u00e4li sivuillamme vieraileva k\u00e4ytt\u00e4j\u00e4 ei halua meid\u00e4n saavan edell\u00e4 mainittuja tietoja ev\u00e4steiden avulla, useimmat selainohjelmat mahdollistavat ev\u00e4ste-toiminnon poiskytkemisen. T\u00e4m\u00e4 tapahtuu yleens\u00e4 selaimen asetuksien kautta.\u00a0<\/span><span style=\"font-size: 14px;\">On kuitenkin hyv\u00e4 ottaa huomioon se, ett\u00e4 ev\u00e4steet voivat olla tarpeellisia joidenkin yll\u00e4pit\u00e4miemme sivujen ja tarjoamiemme palveluiden asianmukaiselle toimimiselle.<\/span><\/p>\n<p><strong>\u00a010.\u00a0Rekisterin suojaus\u00a0<\/strong><\/p>\n<p><span style=\"font-weight: 400;\">Tiedot siirret\u00e4\u00e4n SSL-suojatun yhteyden ylitse.\u00a0<\/span><span style=\"font-size: 14px;\">S\u00e4hk\u00f6iset tiedot on suojattu palomuurilla, k\u00e4ytt\u00e4j\u00e4tunnuksin ja salasanoin.\u00a0<\/span><span style=\"font-size: 14px;\">Tietojen k\u00e4ytt\u00f6oikeus on vain niill\u00e4 rekisterinpit\u00e4j\u00e4n palveluksessa olevilla henkil\u00f6ill\u00e4, jotka tarvitsevat tietoja teht\u00e4viss\u00e4\u00e4n.<\/span><\/p>\n<p><strong><span style=\"font-size: 14px;\">11.\u00a0<\/span>Automaattinen p\u00e4\u00e4t\u00f6ksenteko<\/strong><\/p>\n<p><span style=\"font-weight: 400;\">Automatisoituja yksitt\u00e4isp\u00e4\u00e4t\u00f6ksi\u00e4 (EU:n tietosuoja-asetuksen artikla 22) ei tehd\u00e4.<\/span><\/p>\n<p><strong>\u00a012.\u00a0Rekister\u00f6idyn oikeudet<\/strong><\/p>\n<p><span style=\"font-size: 14px;\">Rekister\u00f6idyll\u00e4 on oikeus tarkastaa, mit\u00e4 h\u00e4nt\u00e4 koskevia tietoja henkil\u00f6tietorekisteriin on talletettu. Kirjallinen tarkastuspyynt\u00f6 tulee l\u00e4hett\u00e4\u00e4 allekirjoitettuna rekisteriasioista vastaavalle henkil\u00f6lle.\u00a0<\/span><span style=\"font-size: 14px;\">Tarkastusoikeus on maksuton enint\u00e4\u00e4n kerran vuodessa toteutettuna.\u00a0<\/span><span style=\"font-size: 14px;\">Rekister\u00f6idyll\u00e4 on oikeus vaatia virheellisten tai vanhentuneiden tietojen oikaisua tai poistamista tai tietojen siirtoa j\u00e4rjestelm\u00e4st\u00e4 toiseen. H\u00e4nell\u00e4 on my\u00f6s oikeus rajoittaa tai vastustaa tietojensa k\u00e4sittely\u00e4 EU:n tietosuoja-asetuksen artiklojen 18 ja 21 mukaisesti.\u00a0<\/span><span style=\"font-size: 14px;\">Rekister\u00f6idyll\u00e4 on oikeus peruuttaa aiemmin antamansa suostumus tietojen k\u00e4sittelylle tai tehd\u00e4 henkil\u00f6tietojensa k\u00e4sittelyyn liittyvist\u00e4 seikoista valitus valvontaviranomaiselle.\u00a0<\/span><span style=\"font-size: 14px;\">Rekister\u00f6idyll\u00e4 on my\u00f6s oikeus kielt\u00e4\u00e4 tietojensa k\u00e4ytt\u00f6 suoramarkkinointitarkoituksiin.<\/span><\/p>\n<p>[\/et_pb_text][\/et_pb_column][\/et_pb_row][\/et_pb_section]<\/p>\n","protected":false},"excerpt":{"rendered":"<p>Tietosuojaseloste1.\u00a0Rekisterinpit\u00e4j\u00e4\u00a0 Nimi: Salokin Finland Oy Y-tunnus: 2453895-6 Osoite: Kukkarom\u00e4ki 6 F 12 Postinumero: 02770 Postitoimipaikka: Espoo Puhelinnumero: 041 5015 326 S\u00e4hk\u00f6postiosoite: info@salokin.fi \u00a02.\u00a0Rekisteriasioita hoitava henkil\u00f6 ja tietosuojavastaava Yritys:\u00a0Salokin Finland Oy Nimi: Ari Kurjonen Osoite:\u00a0Kukkarom\u00e4ki 6 F 12 Postinumero: 02770 Postitoimipaikka: Espoo Puhelinnumero: 041 5015 326 S\u00e4hk\u00f6posti: info@salokin.fi \u00a03.\u00a0Rekisterin k\u00e4ytt\u00f6tarkoitus\u00a0 Ker\u00e4tt\u00e4vi\u00e4 henkil\u00f6tietoja k\u00e4ytet\u00e4\u00e4n:\u00a0 Asiakkaan tunnistautumiseen ja [&hellip;]<\/p>\n","protected":false},"author":1,"featured_media":0,"parent":0,"menu_order":0,"comment_status":"closed","ping_status":"closed","template":"","meta":{"_et_pb_use_builder":"on","_et_pb_old_content":"<!-- wp:heading -->\n<h2>Who we are<\/h2>\n<!-- \/wp:heading -->\n\n<!-- wp:paragraph -->\n<p>Our website address is: https:\/\/salokin.fi.<\/p>\n<!-- \/wp:paragraph -->\n\n<!-- wp:heading -->\n<h2>What personal data we collect and why we collect it<\/h2>\n<!-- \/wp:heading -->\n\n<!-- wp:heading {\"level\":3} -->\n<h3>Comments<\/h3>\n<!-- \/wp:heading -->\n\n<!-- wp:paragraph -->\n<p>When visitors leave comments on the site we collect the data shown in the comments form, and also the visitor\u2019s IP address and browser user agent string to help spam detection.<\/p>\n<!-- \/wp:paragraph -->\n\n<!-- wp:paragraph -->\n<p>An anonymized string created from your email address (also called a hash) may be provided to the Gravatar service to see if you are using it. The Gravatar service privacy policy is available here: https:\/\/automattic.com\/privacy\/. After approval of your comment, your profile picture is visible to the public in the context of your comment.<\/p>\n<!-- \/wp:paragraph -->\n\n<!-- wp:heading {\"level\":3} -->\n<h3>Media<\/h3>\n<!-- \/wp:heading -->\n\n<!-- wp:paragraph -->\n<p>If you upload images to the website, you should avoid uploading images with embedded location data (EXIF GPS) included. Visitors to the website can download and extract any location data from images on the website.<\/p>\n<!-- \/wp:paragraph -->\n\n<!-- wp:heading {\"level\":3} -->\n<h3>Contact forms<\/h3>\n<!-- \/wp:heading -->\n\n<!-- wp:heading {\"level\":3} -->\n<h3>Cookies<\/h3>\n<!-- \/wp:heading -->\n\n<!-- wp:paragraph -->\n<p>If you leave a comment on our site you may opt-in to saving your name, email address and website in cookies. These are for your convenience so that you do not have to fill in your details again when you leave another comment. These cookies will last for one year.<\/p>\n<!-- \/wp:paragraph -->\n\n<!-- wp:paragraph -->\n<p>If you visit our login page, we will set a temporary cookie to determine if your browser accepts cookies. This cookie contains no personal data and is discarded when you close your browser.<\/p>\n<!-- \/wp:paragraph -->\n\n<!-- wp:paragraph -->\n<p>When you log in, we will also set up several cookies to save your login information and your screen display choices. Login cookies last for two days, and screen options cookies last for a year. If you select \"Remember Me\", your login will persist for two weeks. If you log out of your account, the login cookies will be removed.<\/p>\n<!-- \/wp:paragraph -->\n\n<!-- wp:paragraph -->\n<p>If you edit or publish an article, an additional cookie will be saved in your browser. This cookie includes no personal data and simply indicates the post ID of the article you just edited. It expires after 1 day.<\/p>\n<!-- \/wp:paragraph -->\n\n<!-- wp:heading {\"level\":3} -->\n<h3>Embedded content from other websites<\/h3>\n<!-- \/wp:heading -->\n\n<!-- wp:paragraph -->\n<p>Articles on this site may include embedded content (e.g. videos, images, articles, etc.). Embedded content from other websites behaves in the exact same way as if the visitor has visited the other website.<\/p>\n<!-- \/wp:paragraph -->\n\n<!-- wp:paragraph -->\n<p>These websites may collect data about you, use cookies, embed additional third-party tracking, and monitor your interaction with that embedded content, including tracking your interaction with the embedded content if you have an account and are logged in to that website.<\/p>\n<!-- \/wp:paragraph -->\n\n<!-- wp:heading {\"level\":3} -->\n<h3>Analytics<\/h3>\n<!-- \/wp:heading -->\n\n<!-- wp:heading -->\n<h2>Who we share your data with<\/h2>\n<!-- \/wp:heading -->\n\n<!-- wp:heading -->\n<h2>How long we retain your data<\/h2>\n<!-- \/wp:heading -->\n\n<!-- wp:paragraph -->\n<p>If you leave a comment, the comment and its metadata are retained indefinitely. This is so we can recognize and approve any follow-up comments automatically instead of holding them in a moderation queue.<\/p>\n<!-- \/wp:paragraph -->\n\n<!-- wp:paragraph -->\n<p>For users that register on our website (if any), we also store the personal information they provide in their user profile. All users can see, edit, or delete their personal information at any time (except they cannot change their username). Website administrators can also see and edit that information.<\/p>\n<!-- \/wp:paragraph -->\n\n<!-- wp:heading -->\n<h2>What rights you have over your data<\/h2>\n<!-- \/wp:heading -->\n\n<!-- wp:paragraph -->\n<p>If you have an account on this site, or have left comments, you can request to receive an exported file of the personal data we hold about you, including any data you have provided to us. You can also request that we erase any personal data we hold about you. This does not include any data we are obliged to keep for administrative, legal, or security purposes.<\/p>\n<!-- \/wp:paragraph -->\n\n<!-- wp:heading -->\n<h2>Where we send your data<\/h2>\n<!-- \/wp:heading -->\n\n<!-- wp:paragraph -->\n<p>Visitor comments may be checked through an automated spam detection service.<\/p>\n<!-- \/wp:paragraph -->\n\n<!-- wp:heading -->\n<h2>Your contact information<\/h2>\n<!-- \/wp:heading -->\n\n<!-- wp:heading -->\n<h2>Additional information<\/h2>\n<!-- \/wp:heading -->\n\n<!-- wp:heading {\"level\":3} -->\n<h3>How we protect your data<\/h3>\n<!-- \/wp:heading -->\n\n<!-- wp:heading {\"level\":3} -->\n<h3>What data breach procedures we have in place<\/h3>\n<!-- \/wp:heading -->\n\n<!-- wp:heading {\"level\":3} -->\n<h3>What third parties we receive data from<\/h3>\n<!-- \/wp:heading -->\n\n<!-- wp:heading {\"level\":3} -->\n<h3>What automated decision making and\/or profiling we do with user data<\/h3>\n<!-- \/wp:heading -->\n\n<!-- wp:heading {\"level\":3} -->\n<h3>Industry regulatory disclosure requirements<\/h3>\n<!-- \/wp:heading -->","_et_gb_content_width":"","_monsterinsights_skip_tracking":false,"_monsterinsights_sitenote_active":false,"_monsterinsights_sitenote_note":"","_monsterinsights_sitenote_category":0,"footnotes":""},"class_list":["post-3","page","type-page","status-publish","hentry"],"aioseo_notices":[],"_links":{"self":[{"href":"https:\/\/salokin.fi\/index.php\/wp-json\/wp\/v2\/pages\/3","targetHints":{"allow":["GET"]}}],"collection":[{"href":"https:\/\/salokin.fi\/index.php\/wp-json\/wp\/v2\/pages"}],"about":[{"href":"https:\/\/salokin.fi\/index.php\/wp-json\/wp\/v2\/types\/page"}],"author":[{"embeddable":true,"href":"https:\/\/salokin.fi\/index.php\/wp-json\/wp\/v2\/users\/1"}],"replies":[{"embeddable":true,"href":"https:\/\/salokin.fi\/index.php\/wp-json\/wp\/v2\/comments?post=3"}],"version-history":[{"count":6,"href":"https:\/\/salokin.fi\/index.php\/wp-json\/wp\/v2\/pages\/3\/revisions"}],"predecessor-version":[{"id":185,"href":"https:\/\/salokin.fi\/index.php\/wp-json\/wp\/v2\/pages\/3\/revisions\/185"}],"wp:attachment":[{"href":"https:\/\/salokin.fi\/index.php\/wp-json\/wp\/v2\/media?parent=3"}],"curies":[{"name":"wp","href":"https:\/\/api.w.org\/{rel}","templated":true}]}}